{"id":849,"date":"2020-07-22T20:18:12","date_gmt":"2020-07-22T18:18:12","guid":{"rendered":"http:\/\/www.maymo.com\/?page_id=849"},"modified":"2024-06-21T09:05:43","modified_gmt":"2024-06-21T07:05:43","slug":"politique-du-systeme-de-gestion-integre","status":"publish","type":"page","link":"https:\/\/www.maymo.com\/fr\/politique-du-systeme-de-gestion-integre\/","title":{"rendered":"Politique du syst\u00e8me de  gestion integr\u00e9"},"content":{"rendered":"<p style=\"text-align: left;\">MAYM\u00d3 COSMETICS, S.A. se d\u00e9die \u00e0 la fabrication et distribution de produits cosm\u00e9tiques tant comme fabricant de sa propre marque que comme producteur pour entreprise. Dans ce cas pr\u00e9cis, nous disposons d\u2019une POLITIQUE DE QUALIT\u00c9 et ENVIRONEMENTALE compos\u00e9e selon les crit\u00e8res suivants:<\/p>\n<ul>\n<li style=\"text-align: left;\">G\u00e9n\u00e9rer des valeurs pour maintenir et am\u00e9liorer sa position sur le march\u00e9.<\/li>\n<li style=\"text-align: left;\">Se pourvoir des moyens ad\u00e9quats pour am\u00e9liorer la comp\u00e9titivit\u00e9 de l\u2019entreprise, afin de r\u00e9pondre aux exigences des parties int\u00e9ress\u00e9es.<\/li>\n<li style=\"text-align: left;\">Se doter d&rsquo;une \u00e9quipe humaine comp\u00e9tente dont les connaissances sont continuellement remises en question en leur assurant des formations permanentes pour maintenir le niveau de comp\u00e9titivit\u00e9 requis.<\/li>\n<li style=\"text-align: left;\">Encourager activement la participation de tous les membres de votre organisation pour am\u00e9liorer le syst\u00e8me de gestion int\u00e9gr\u00e9 (SGI).<\/li>\n<li style=\"text-align: left;\">Promouvoir une am\u00e9lioration constante dans le d\u00e9roulement de la politique et de ses objectifs.<\/li>\n<li style=\"text-align: left;\">Innover constamment dans la conception de produits selon les tendances du march\u00e9 et toujours en conformit\u00e9 avec les derni\u00e8res technologies.<\/li>\n<li style=\"text-align: left;\">Assurer le respect des bonnes pratiques de fabrication selon la norme ISO 22716.<\/li>\n<li style=\"text-align: left;\">Fabriquer des produits avec des sp\u00e9cificit\u00e9s de qualit\u00e9 r\u00e9pondant aux attentes explicites et implicites des clients, augmentant leur satisfaction, conformes \u00e0 la l\u00e9gislation applicable et sans danger pour l&rsquo;utilisateur.<\/li>\n<li style=\"text-align: left;\">V\u00e9rifier et am\u00e9liorer en permanence, chaque fois que cela est \u00e9conomiquement viable, le Syst\u00e8me de Gestion Int\u00e9gr\u00e9 (SGI) et les syst\u00e8mes de contr\u00f4le pour : s&rsquo;adapter aux changements qui peuvent survenir dans notre contexte d&rsquo;action et obtenir une plus grande fiabilit\u00e9 de ses processus, toujours dans le cadre du respect de l&rsquo;environnement.<\/li>\n<li style=\"text-align: left;\">Mettre en \u0153uvre une politique de s\u00e9curit\u00e9 au travail bas\u00e9e sur une approche globale de l&rsquo;organisation du travail.<\/li>\n<li style=\"text-align: left;\">Tout notre personnel, ainsi que les collaborateurs externes, doivent s&rsquo;efforcer \u00e0 se conformer \u00e0 cette politique.<\/li>\n<li style=\"text-align: left;\">Respecter tous les points pr\u00e9c\u00e9dents.<\/li>\n<\/ul>\n<p>&nbsp;<\/p>\n<p><img decoding=\"async\" src=\"https:\/\/www.maymo.com\/wp-content\/uploads\/2020\/07\/Quality-Policy_en.jpg\" alt=\"Pol\u00edtica SGI\" \/><\/p>\n","protected":false},"excerpt":{"rendered":"<p>MAYM\u00d3 COSMETICS, S.A. se d\u00e9die \u00e0 la fabrication et distribution de produits cosm\u00e9tiques tant comme fabricant de sa propre marque que comme producteur pour entreprise. Dans ce cas pr\u00e9cis, nous disposons d\u2019une POLITIQUE DE QUALIT\u00c9 et ENVIRONEMENTALE compos\u00e9e selon les crit\u00e8res suivants: G\u00e9n\u00e9rer des valeurs pour maintenir et am\u00e9liorer sa position sur le march\u00e9. Se [&hellip;]<\/p>\n","protected":false},"author":1,"featured_media":0,"parent":0,"menu_order":0,"comment_status":"closed","ping_status":"closed","template":"","meta":{"footnotes":""},"_links":{"self":[{"href":"https:\/\/www.maymo.com\/fr\/wp-json\/wp\/v2\/pages\/849"}],"collection":[{"href":"https:\/\/www.maymo.com\/fr\/wp-json\/wp\/v2\/pages"}],"about":[{"href":"https:\/\/www.maymo.com\/fr\/wp-json\/wp\/v2\/types\/page"}],"author":[{"embeddable":true,"href":"https:\/\/www.maymo.com\/fr\/wp-json\/wp\/v2\/users\/1"}],"replies":[{"embeddable":true,"href":"https:\/\/www.maymo.com\/fr\/wp-json\/wp\/v2\/comments?post=849"}],"version-history":[{"count":2,"href":"https:\/\/www.maymo.com\/fr\/wp-json\/wp\/v2\/pages\/849\/revisions"}],"predecessor-version":[{"id":851,"href":"https:\/\/www.maymo.com\/fr\/wp-json\/wp\/v2\/pages\/849\/revisions\/851"}],"wp:attachment":[{"href":"https:\/\/www.maymo.com\/fr\/wp-json\/wp\/v2\/media?parent=849"}],"curies":[{"name":"wp","href":"https:\/\/api.w.org\/{rel}","templated":true}]}}