{"id":411,"date":"2018-06-14T14:57:42","date_gmt":"2018-06-14T14:57:42","guid":{"rendered":"https:\/\/neorgsite.com\/work\/maymo\/aviso-legal\/"},"modified":"2024-09-05T17:36:46","modified_gmt":"2024-09-05T15:36:46","slug":"aviso-legal","status":"publish","type":"page","link":"https:\/\/www.maymo.com\/fr\/aviso-legal\/","title":{"rendered":"Aviso legal"},"content":{"rendered":"<p>El sitio web y el dominio <a href=\"http:\/\/www.maymo.com\">www.maymo.com<\/a> corresponden a <strong>MAYM\u00d3 COSMETICS S.A.<\/strong> con CIF A08861726 y domicilio en Avenida Europa 16, Pol. Ind. Empord\u00e0 Internacional, 17469 Vilamalla (Girona) Espa\u00f1a, correo electr\u00f3nico <a href=\"mailto:info@maymo.com\">info@maymo.com<\/a>.<\/p>\n<h2>Objeto<\/h2>\n<p>A trav\u00e9s del Sitio Web, le ofrecemos a los usuarios la posibilidad de acceder a la informaci\u00f3n sobre nuestros servicios.<\/p>\n<p><strong>MAYM\u00d3 COSMETICS S.A.<\/strong> se reserva el derecho de modificar cualquier tipo de informaci\u00f3n que pudiera aparecer en el sitio web, sin que exista obligaci\u00f3n de preavisar o poner en conocimiento de los usuarios de dichas obligaciones, entendi\u00e9ndose como suficiente en el sitio web.<\/p>\n<h2>Responsabilidades<\/h2>\n<h3>Responsabilidad por el uso del Sitio Web<\/h3>\n<p>El usuario es el \u00fanico responsable de las infracciones en las que pueda incurrir o de los perjuicios que pueda causar por la utilizaci\u00f3n del Sitio Web, quedando <strong>MAYM\u00d3 COSMETICS, S.A. <\/strong>exonerado de cualquier clase de responsabilidad que pudiera derivarse de las acciones del usuario.<\/p>\n<p><strong>MAYM\u00d3 COSMETICS, S.A.<\/strong> emplear\u00e1 todos los esfuerzos y medios razonables para facilitar la informaci\u00f3n actualizada y fehaciente en el Sitio Web. No obstante, <strong>MAYM\u00d3 COSMETICS, S.A.<\/strong> no asume ninguna garant\u00eda con relaci\u00f3n a la presencia de errores o posibles inexactitudes y\/u omisiones en ninguno de los contenidos accesibles a trav\u00e9s de este sitio web.<\/p>\n<p>El usuario es el \u00fanico responsable frente a cualquier reclamaci\u00f3n o acci\u00f3n legal, judicial o extrajudicial, iniciada por terceras personas contra <strong>MAYM\u00d3 COSMETICS, S.A.<\/strong> basada en la utilizaci\u00f3n del Sitio Web por el usuario. En su caso el usuario asumir\u00e1 cuantos gastos, costes e indemnizaciones sean irrogados a <strong>MAYM\u00d3 COSMETICS S.A.<\/strong> con el motivo de tales reclamaciones o acciones legales.<\/p>\n<h3>Responsabilidad por el funcionamiento del Sitio Web<\/h3>\n<p><strong>MAYM\u00d3 COSMETICS, S.A.<\/strong> excluye toda responsabilidad que se pudiera derivar de interferencias, omisiones, interrupciones, virus inform\u00e1ticos, aver\u00edas telef\u00f3nicas o desconexiones en el funcionamiento operativo del sistema electr\u00f3nico.<\/p>\n<p>Asimismo, tambi\u00e9n se excluye cualquier responsabilidad que pudiera derivarse por retrasos o bloqueos en el funcionamiento operativo de este sistema electr\u00f3nico causado por deficiencias o sobre carga en las l\u00edneas telef\u00f3nicas o en Internet, as\u00ed como de da\u00f1os causados por terceras personas mediante intromisiones ileg\u00edtimas fuera de control de <strong>MAYM\u00d3 COSMETICS, S.A.<\/strong> Esta est\u00e1 facilitada para suspender temporalmente, y sin previo aviso, la accesibilidad al Sitio Web con motivo de operaciones de mantenimiento, reparaci\u00f3n, actualizaci\u00f3n o mejora.<\/p>\n<h3>Responsabilidad por los contenidos<\/h3>\n<p><strong>MAYM\u00d3 COSMETICS, S.A.<\/strong> no se har\u00e1 responsable, a no ser en aquellos extremos a los que obligue la Ley, de los da\u00f1os o perjuicios que se pudieran ocasionar por el uso, reproducci\u00f3n, distribuci\u00f3n o comunicaci\u00f3n p\u00fablica o cualquier tipo de actividad que realice sobre los textos y\/o fotograf\u00edas que se encuentren protegidos por derechos de propiedad intelectual pertenecientes a terceros, sin que el usuario haya obtenido previamente de sus titulares la autorizaci\u00f3n necesaria para llevar a cabo el uso que efect\u00faa o pretende efectuar.<\/p>\n<p>Por otro lado, <strong>MAYM\u00d3 COSMETICS, S.A.<\/strong> no ser\u00e1 responsable por la informaci\u00f3n enviada por el usuario cuando no tenga conocimiento efectivo de que la informaci\u00f3n almacenada no es il\u00edcita o de que lesiona bienes o derechos de un tercero susceptibles de indemnizaci\u00f3n. En el momento que <strong>MAYM\u00d3 COSMETICS, S.A.<\/strong> tenga conocimiento efectivo de que se aloja datos como los anteriormente referidos, se compromete a actuar con diligencia para retirarlos o hacer imposible el acceso a ellos.<\/p>\n<p>En todo caso, para interponer cualquier reclamaci\u00f3n relacionada con los contenidos insertados en cualquiera de las secciones del presente Sitio Web, puede hacerlo dirigi\u00e9ndose a <strong>MAYM\u00d3 COSMETICS, S.A.<\/strong> a trav\u00e9s de las direcciones de contacto indicadas en el presente Sitio Web.<\/p>\n<h2>Protecci\u00f3n de datos<\/h2>\n<p>Los datos personales que se puedan obtener por medio del formulario de contacto de esta p\u00e1gina o bien por la recepci\u00f3n de correos electr\u00f3nicos se tratar\u00e1n aplicando las medidas de seguridad adecuadas y solo se utilizar\u00e1n para atender las solicitudes de informaci\u00f3n o consultas. Los datos personales que se puedan obtener a trav\u00e9s del formulario de suscripci\u00f3n ser\u00e1n utilizados para el env\u00edo de informaci\u00f3n corporativa, relacionada con productos o servicios.<\/p>\n<p>Asimismo, informamos que los usuarios pueden ejercitar los derechos de acceso, rectificaci\u00f3n, cancelaci\u00f3n y oposici\u00f3n con arreglo a lo previsto en la Ley Org\u00e1nica 15\/1999, de 13 de diciembre, de Protecci\u00f3n de Datos de Car\u00e1cter Personal, enviando un correo a info@maymo.com.<\/p>\n<h2>Propiedad intelectual e industrial<\/h2>\n<p>Los derechos sobre los contenidos de este sitio, incluyendo los textos, im\u00e1genes, dise\u00f1os gr\u00e1ficos, marcas y otros signos distintivos (en adelante los contenidos), pertenecen a <strong>MAYM\u00d3 COSMETICS S.A.<\/strong>, o a terceros que han autorizado su uso. <strong>MAYM\u00d3 COSMETICS S.A.<\/strong> presenta estos contenidos para informar de sus servicios y actitudes profesionales. <strong>MAYM\u00d3 COSMETICS S.A. <\/strong>autoriza la utilizaci\u00f3n de los contenidos para usos no comerciales siempre que se indique de forma clara la fuente. Si los contenidos se utilizan en entornos web ser\u00e1 necesario incluir un enlace a la p\u00e1gina de inicio del sitio web (acceso a la p\u00e1gina de inicio <strong>MAYM\u00d3 COSMETICS S.A.<\/strong> se reserva el derecho a iniciar las acciones legales oportunas en defensa de sus derechos de propiedad intelectual o industrial.<\/p>\n<p>No se autorizan presentaciones de los contenidos de este sitio en una ventana ajena a <a href=\"http:\/\/www.maymo.com\">www.maymo.com<\/a> (framing).<\/p>\n<h2>Condiciones de uso<\/h2>\n<p>El uso de este sitio web implica la aceptaci\u00f3n plena de los t\u00e9rminos y condiciones del presente aviso legal. Los posibles conflictos relativos a esta web se regir\u00e1n exclusivamente por el derecho del Estado espa\u00f1ol. Toda persona usuaria del sitio web, independientemente de la jurisdicci\u00f3n territorial desde la que se reproduzca su acceso, acepta el cumplimiento y respeto de estas cl\u00e1usulas con renuncia expresa a cualquier otro fuero que pudiera corresponder.<\/p>\n<h2>Ley aplicable y jurisdicci\u00f3n<\/h2>\n<p>Las presentes Condiciones Generales de Uso, as\u00ed como el uso del Sitio Web, se regir\u00e1n por la legislaci\u00f3n espa\u00f1ola. Para la resoluci\u00f3n de cualquier controversia las partes se someter\u00e1n a los Juzgados y Tribunales del domicilio social del responsable del Sitio Web.<\/p>\n<p>En el supuesto de que cualquier estipulaci\u00f3n de las presentes Condiciones Generales de Uso resultara inexigible o nula en virtud de la legislaci\u00f3n aplicable o como consecuencia de una resoluci\u00f3n judicial o administrativa, dicha inexigibilidad o nulidad no har\u00e1 que las presentes Condiciones Generales de Uso resulten inexigibles o nulas en su conjunto. En dichos casos, la empresa proceder\u00e1 a la modificaci\u00f3n o sustituci\u00f3n de dicha estipulaci\u00f3n por otra que sea v\u00e1lida y exigible y que, en la medida de lo posible, consiga el objetivo y pretensi\u00f3n en la estipulaci\u00f3n original.<\/p>\n","protected":false},"excerpt":{"rendered":"<p>El sitio web y el dominio www.maymo.com corresponden a MAYM\u00d3 COSMETICS S.A. con CIF A08861726 y domicilio en Avenida Europa 16, Pol. Ind. Empord\u00e0 Internacional, 17469 Vilamalla (Girona) Espa\u00f1a, correo electr\u00f3nico info@maymo.com. Objeto A trav\u00e9s del Sitio Web, le ofrecemos a los usuarios la posibilidad de acceder a la informaci\u00f3n sobre nuestros servicios. MAYM\u00d3 COSMETICS [&hellip;]<\/p>\n","protected":false},"author":1,"featured_media":0,"parent":0,"menu_order":0,"comment_status":"closed","ping_status":"closed","template":"","meta":{"footnotes":""},"_links":{"self":[{"href":"https:\/\/www.maymo.com\/fr\/wp-json\/wp\/v2\/pages\/411"}],"collection":[{"href":"https:\/\/www.maymo.com\/fr\/wp-json\/wp\/v2\/pages"}],"about":[{"href":"https:\/\/www.maymo.com\/fr\/wp-json\/wp\/v2\/types\/page"}],"author":[{"embeddable":true,"href":"https:\/\/www.maymo.com\/fr\/wp-json\/wp\/v2\/users\/1"}],"replies":[{"embeddable":true,"href":"https:\/\/www.maymo.com\/fr\/wp-json\/wp\/v2\/comments?post=411"}],"version-history":[{"count":6,"href":"https:\/\/www.maymo.com\/fr\/wp-json\/wp\/v2\/pages\/411\/revisions"}],"predecessor-version":[{"id":1372,"href":"https:\/\/www.maymo.com\/fr\/wp-json\/wp\/v2\/pages\/411\/revisions\/1372"}],"wp:attachment":[{"href":"https:\/\/www.maymo.com\/fr\/wp-json\/wp\/v2\/media?parent=411"}],"curies":[{"name":"wp","href":"https:\/\/api.w.org\/{rel}","templated":true}]}}