{"id":409,"date":"2018-06-14T14:54:38","date_gmt":"2018-06-14T14:54:38","guid":{"rendered":"https:\/\/neorgsite.com\/work\/maymo\/politica-de-cookies\/"},"modified":"2024-06-21T09:06:22","modified_gmt":"2024-06-21T07:06:22","slug":"politica-de-cookies","status":"publish","type":"page","link":"https:\/\/www.maymo.com\/fr\/politica-de-cookies\/","title":{"rendered":"Pol\u00edtica de cookies"},"content":{"rendered":"<p style=\"text-align: left;\">Las cookies son unos peque\u00f1os archivos de texto que se instalan los equipos desde los que se accede a nuestro sitio web. Pueden guardar la identificaci\u00f3n del usuario que visita la web y los sitios por los que navega. Cuando el usuario (usted en este caso) nos vuelve a visitar se leen las cookies para identificarlo y restablecer sus preferencias y configuraci\u00f3n de navegaci\u00f3n. Si un usuario no autoriza el uso de las cookies algunos servicios o funcionalidades del sitio web podr\u00edan no estar disponibles.<\/p>\n<p style=\"text-align: left;\">Queremos que este sitio ofrezca un buen servicio y que sea f\u00e1cil de usar. En este sentido utilizamos cookies de Google Analytics. Esto nos permite:<\/p>\n<ul>\n<li style=\"text-align: left;\">Analizar estad\u00edsticamente la informaci\u00f3n a la que acceden los usuarios de nuestro sitio. Los datos recopilados pueden incluir la actividad del navegador del usuario cuando nos visita, la ruta que siguen los usuarios en nuestro sitio, informaci\u00f3n del proveedor de servicios de Internet del visitante, el n\u00famero de veces que los usuarios acceden al sitio y el comportamiento de los usuarios en nuestro sitio (p\u00e1ginas que ha visitado, formularios que se han completado y similares).<\/li>\n<li style=\"text-align: left;\">Identificar los usuarios que nos visitan desde la invitaci\u00f3n de un sitio web asociado o de un enlace patrocinado.<\/li>\n<\/ul>\n<p style=\"text-align: left;\">Puede obtener m\u00e1s informaci\u00f3n sobre Google Analytics a <a href=\"http:\/\/www.google.com\/analytics\/\" target=\"_blank\" rel=\"noopener\">www.google.com\/analytics\/<\/a>. Para controlar la recopilaci\u00f3n de datos con fines anal\u00edticos por parte de Google Analytics, puede ir a <a href=\"https:\/\/tools.google.com\/dlpage\/gaoptout?hl=en\" target=\"_blank\" rel=\"noopener\">https:\/\/tools.google.com\/dlpage\/gaoptout?hl=en<\/a><\/p>\n<p style=\"text-align: left;\">Usted puede revocar el consentimiento a la utilizaci\u00f3n de cookies elimin\u00e1ndolas por medio de las opciones que le ofrece su navegador.<\/p>\n<p style=\"text-align: left;\">Si desea recibir informaci\u00f3n adicional sobre la actividad de las empresas de publicidad en Internet y sobre c\u00f3mo eliminar sus datos de los registros de estas empresas, le recomendamos la visita de <a href=\"http:\/\/www.networkadvertising.org\" target=\"_blank\" rel=\"noopener\">www.networkadvertising.org<\/a>.<\/p>\n<p style=\"text-align: left;\">Usted puede configurar su navegador para que le informe previamente de la posible instalaci\u00f3n de cookies. Tambi\u00e9n podr\u00e1 optar para que se supriman autom\u00e1ticamente una vez se cierre el navegador, equipo o dispositivo. Puede encontrar informaci\u00f3n sobre c\u00f3mo hacerlo en:<\/p>\n<ul>\n<li style=\"text-align: left;\">Para Firefox a <a href=\"http:\/\/support.mozilla.org\/ca\/kb\/Galetes\" target=\"_blank\" rel=\"noopener\">http:\/\/support.mozilla.org\/ca\/kb\/Galetes<\/a>.<\/li>\n<li style=\"text-align: left;\">Para Chrome a <a href=\"http:\/\/support.google.com\/chrome\/bin\/answer.py?hl=es&amp;answer=95647\" target=\"_blank\" rel=\"noopener\">http:\/\/support.google.com\/chrome\/bin\/answer.py?hl=es&amp;answer=95647<\/a>.<\/li>\n<li style=\"text-align: left;\">Para Explorer <a href=\"http:\/\/windows.microsoft.com\/es-es\/windows7\/how-to-manage-cookies-in-internet-explorer-9\" target=\"_blank\" rel=\"noopener\">http:\/\/windows.microsoft.com\/es-es\/windows7\/how-to-manage-cookies-in-internet-explorer-9<\/a>.<\/li>\n<li style=\"text-align: left;\">Para Safari <a href=\"http:\/\/support.apple.com\/kb\/ph5042\" target=\"_blank\" rel=\"noopener\">http:\/\/support.apple.com\/kb\/ph5042<\/a>.<\/li>\n<li style=\"text-align: left;\">Para Safari para iOS <a href=\"http:\/\/support.apple.com\/kb\/HT1677?viewlocale=es_ES&amp;locale=es_ES\" target=\"_blank\" rel=\"noopener\">http:\/\/support.apple.com\/kb\/HT1677?viewlocale=es_ES&amp;locale=es_ES<\/a><\/li>\n<li style=\"text-align: left;\">Para Opera a <a href=\"http:\/\/help.opera.com\/Windows\/11.50\/es-ES\/cookies.html\" target=\"_blank\" rel=\"noopener\">http:\/\/help.opera.com\/Windows\/11.50\/es-ES\/cookies.html<\/a><\/li>\n<\/ul>\n","protected":false},"excerpt":{"rendered":"<p>Las cookies son unos peque\u00f1os archivos de texto que se instalan los equipos desde los que se accede a nuestro sitio web. Pueden guardar la identificaci\u00f3n del usuario que visita la web y los sitios por los que navega. Cuando el usuario (usted en este caso) nos vuelve a visitar se leen las cookies para [&hellip;]<\/p>\n","protected":false},"author":1,"featured_media":0,"parent":0,"menu_order":0,"comment_status":"closed","ping_status":"closed","template":"","meta":{"footnotes":""},"_links":{"self":[{"href":"https:\/\/www.maymo.com\/fr\/wp-json\/wp\/v2\/pages\/409"}],"collection":[{"href":"https:\/\/www.maymo.com\/fr\/wp-json\/wp\/v2\/pages"}],"about":[{"href":"https:\/\/www.maymo.com\/fr\/wp-json\/wp\/v2\/types\/page"}],"author":[{"embeddable":true,"href":"https:\/\/www.maymo.com\/fr\/wp-json\/wp\/v2\/users\/1"}],"replies":[{"embeddable":true,"href":"https:\/\/www.maymo.com\/fr\/wp-json\/wp\/v2\/comments?post=409"}],"version-history":[{"count":1,"href":"https:\/\/www.maymo.com\/fr\/wp-json\/wp\/v2\/pages\/409\/revisions"}],"predecessor-version":[{"id":566,"href":"https:\/\/www.maymo.com\/fr\/wp-json\/wp\/v2\/pages\/409\/revisions\/566"}],"wp:attachment":[{"href":"https:\/\/www.maymo.com\/fr\/wp-json\/wp\/v2\/media?parent=409"}],"curies":[{"name":"wp","href":"https:\/\/api.w.org\/{rel}","templated":true}]}}