{"id":403,"date":"2018-04-16T13:32:37","date_gmt":"2018-04-16T13:32:37","guid":{"rendered":"https:\/\/neorgsite.com\/work\/maymo\/contacto\/"},"modified":"2019-02-18T12:01:37","modified_gmt":"2019-02-18T11:01:37","slug":"contact","status":"publish","type":"page","link":"https:\/\/www.maymo.com\/fr\/contact\/","title":{"rendered":"Contact"},"content":{"rendered":"<h2>EXP\u00c9RIMENTEZ LE<br \/>\nMONDE DE <em>MAYM\u00d3<\/em><\/h2>\n<p><strong><em>MAYM\u00d3<\/em>, fabricant de cosm\u00e9tiques tiers, travaille avec des clients internationaux pour faire des visions cosm\u00e9tiques une r\u00e9alit\u00e9.<\/strong><\/p>\n<p>Nous savons qu&rsquo;il est difficile de conna\u00eetre une entreprise, une personne ou m\u00eame une id\u00e9e par t\u00e9l\u00e9phone ou en ligne, et tout particuli\u00e8rement dans ce domaine, nous pensons que l&rsquo;approche personnelle est la meilleure.\u00a0Nous serons donc ravis de vous conna\u00eetre de fa\u00e7on informelle pour analyser n&rsquo;importe quelle id\u00e9e imm\u00e9diate que vous pourriez avoir. Si vous souhaitez nous rendre visite en Espagne, nous pouvons vous montrer notre site de recherche, d\u00e9veloppement et fabrication.<\/p>\n<h3>NOS COORDONN\u00c9ES<\/h3>\n<p>Maym\u00f3 Cosmetics, S.A.<br \/>\nAvenida Europa, 23<br \/>\nPol. Ind. Empord\u00e0 Internacional<br \/>\n17469 Vilamalla (Girona), Spain<br \/>\nTel. +34 933 032 988<br \/>\n<a href=\"mailto:info@maymo.com\">info@maymo.com<\/a><\/p>\n<p><a href=\"https:\/\/www.google.es\/maps\/place\/42%C2%B013'35.4%22N+2%C2%B059'09.6%22E\/@42.2280644,2.9918646,14.83z\/data=!4m5!3m4!1s0x0:0x0!8m2!3d42.2265!4d2.986\" target=\"_blank\" rel=\"noopener\">LAT:42.2265 LONG:2.9860<\/a><\/p>\n","protected":false},"excerpt":{"rendered":"<p>EXP\u00c9RIMENTEZ LE MONDE DE MAYM\u00d3 MAYM\u00d3, fabricant de cosm\u00e9tiques tiers, travaille avec des clients internationaux pour faire des visions cosm\u00e9tiques une r\u00e9alit\u00e9. Nous savons qu&rsquo;il est difficile de conna\u00eetre une entreprise, une personne ou m\u00eame une id\u00e9e par t\u00e9l\u00e9phone ou en ligne, et tout particuli\u00e8rement dans ce domaine, nous pensons que l&rsquo;approche personnelle est la [&hellip;]<\/p>\n","protected":false},"author":1,"featured_media":0,"parent":0,"menu_order":0,"comment_status":"closed","ping_status":"closed","template":"page-contacte.php","meta":{"footnotes":""},"_links":{"self":[{"href":"https:\/\/www.maymo.com\/fr\/wp-json\/wp\/v2\/pages\/403"}],"collection":[{"href":"https:\/\/www.maymo.com\/fr\/wp-json\/wp\/v2\/pages"}],"about":[{"href":"https:\/\/www.maymo.com\/fr\/wp-json\/wp\/v2\/types\/page"}],"author":[{"embeddable":true,"href":"https:\/\/www.maymo.com\/fr\/wp-json\/wp\/v2\/users\/1"}],"replies":[{"embeddable":true,"href":"https:\/\/www.maymo.com\/fr\/wp-json\/wp\/v2\/comments?post=403"}],"version-history":[{"count":6,"href":"https:\/\/www.maymo.com\/fr\/wp-json\/wp\/v2\/pages\/403\/revisions"}],"predecessor-version":[{"id":665,"href":"https:\/\/www.maymo.com\/fr\/wp-json\/wp\/v2\/pages\/403\/revisions\/665"}],"wp:attachment":[{"href":"https:\/\/www.maymo.com\/fr\/wp-json\/wp\/v2\/media?parent=403"}],"curies":[{"name":"wp","href":"https:\/\/api.w.org\/{rel}","templated":true}]}}