{"id":393,"date":"2018-04-18T11:18:26","date_gmt":"2018-04-18T11:18:26","guid":{"rendered":"https:\/\/neorgsite.com\/work\/maymo\/nuestros-productos\/"},"modified":"2018-08-02T15:11:21","modified_gmt":"2018-08-02T13:11:21","slug":"nos-produits","status":"publish","type":"page","link":"https:\/\/www.maymo.com\/fr\/nos-produits\/","title":{"rendered":"Nos produits"},"content":{"rendered":"<h2>D\u00c9COUVREZ TOUT CE QUE VOUS POUVEZ OFFRIR \u00c0 VOS CLIENTS<\/h2>\n<p><em>MAYM\u00d3<\/em>, en plus d&rsquo;\u00eatre un fabricant de cosm\u00e9tiques pour des tiers, nous avons \u00e9galement une ligne de cosm\u00e9tiques professionnels. Gr\u00e2ce \u00e0 nos lignes de beaut\u00e9, nous vous offrons un large \u00e9ventail de possibilit\u00e9s, en d\u00e9veloppant des produits sp\u00e9cialis\u00e9s qui donneront vie au portefeuille de produits de votre marque.<\/p>\n<p>Expliquez-nous, de quoi votre marque a-t-elle besoin ?<\/p>\n","protected":false},"excerpt":{"rendered":"<p>D\u00c9COUVREZ TOUT CE QUE VOUS POUVEZ OFFRIR \u00c0 VOS CLIENTS MAYM\u00d3, en plus d&rsquo;\u00eatre un fabricant de cosm\u00e9tiques pour des tiers, nous avons \u00e9galement une ligne de cosm\u00e9tiques professionnels. Gr\u00e2ce \u00e0 nos lignes de beaut\u00e9, nous vous offrons un large \u00e9ventail de possibilit\u00e9s, en d\u00e9veloppant des produits sp\u00e9cialis\u00e9s qui donneront vie au portefeuille de produits [&hellip;]<\/p>\n","protected":false},"author":1,"featured_media":0,"parent":0,"menu_order":0,"comment_status":"closed","ping_status":"closed","template":"page-productes.php","meta":{"footnotes":""},"_links":{"self":[{"href":"https:\/\/www.maymo.com\/fr\/wp-json\/wp\/v2\/pages\/393"}],"collection":[{"href":"https:\/\/www.maymo.com\/fr\/wp-json\/wp\/v2\/pages"}],"about":[{"href":"https:\/\/www.maymo.com\/fr\/wp-json\/wp\/v2\/types\/page"}],"author":[{"embeddable":true,"href":"https:\/\/www.maymo.com\/fr\/wp-json\/wp\/v2\/users\/1"}],"replies":[{"embeddable":true,"href":"https:\/\/www.maymo.com\/fr\/wp-json\/wp\/v2\/comments?post=393"}],"version-history":[{"count":4,"href":"https:\/\/www.maymo.com\/fr\/wp-json\/wp\/v2\/pages\/393\/revisions"}],"predecessor-version":[{"id":616,"href":"https:\/\/www.maymo.com\/fr\/wp-json\/wp\/v2\/pages\/393\/revisions\/616"}],"wp:attachment":[{"href":"https:\/\/www.maymo.com\/fr\/wp-json\/wp\/v2\/media?parent=393"}],"curies":[{"name":"wp","href":"https:\/\/api.w.org\/{rel}","templated":true}]}}