{"id":391,"date":"2018-04-18T11:10:08","date_gmt":"2018-04-18T11:10:08","guid":{"rendered":"https:\/\/neorgsite.com\/work\/maymo\/make-up\/make-up-servicios\/"},"modified":"2024-01-22T15:52:48","modified_gmt":"2024-01-22T14:52:48","slug":"make-up-servicios","status":"publish","type":"page","link":"https:\/\/www.maymo.com\/fr\/make-up\/make-up-servicios\/","title":{"rendered":"Make Up \u2013 Servicios"},"content":{"rendered":"<h2>Maquillage professionnel pour vos clients<\/h2>\n<p><em>MAYM\u00d3<\/em> nous avons une ligne de maquillage professionnel pour vous donner de la couleur et de la magie \u00e0 chacun de vos clients.<\/p>\n<p>Maquillage pour le visage, pour les yeux, les l\u00e8vres et m\u00eame pour le corps.<\/p>\n<p>D\u00e9couvrez notre large gamme de maquillage professionnel.<\/p>\n","protected":false},"excerpt":{"rendered":"<p>Maquillage professionnel pour vos clients MAYM\u00d3 nous avons une ligne de maquillage professionnel pour vous donner de la couleur et de la magie \u00e0 chacun de vos clients. Maquillage pour le visage, pour les yeux, les l\u00e8vres et m\u00eame pour le corps. D\u00e9couvrez notre large gamme de maquillage professionnel.<\/p>\n","protected":false},"author":1,"featured_media":0,"parent":387,"menu_order":0,"comment_status":"closed","ping_status":"closed","template":"page-prod-makeup-int.php","meta":{"footnotes":""},"_links":{"self":[{"href":"https:\/\/www.maymo.com\/fr\/wp-json\/wp\/v2\/pages\/391"}],"collection":[{"href":"https:\/\/www.maymo.com\/fr\/wp-json\/wp\/v2\/pages"}],"about":[{"href":"https:\/\/www.maymo.com\/fr\/wp-json\/wp\/v2\/types\/page"}],"author":[{"embeddable":true,"href":"https:\/\/www.maymo.com\/fr\/wp-json\/wp\/v2\/users\/1"}],"replies":[{"embeddable":true,"href":"https:\/\/www.maymo.com\/fr\/wp-json\/wp\/v2\/comments?post=391"}],"version-history":[{"count":3,"href":"https:\/\/www.maymo.com\/fr\/wp-json\/wp\/v2\/pages\/391\/revisions"}],"predecessor-version":[{"id":1307,"href":"https:\/\/www.maymo.com\/fr\/wp-json\/wp\/v2\/pages\/391\/revisions\/1307"}],"up":[{"embeddable":true,"href":"https:\/\/www.maymo.com\/fr\/wp-json\/wp\/v2\/pages\/387"}],"wp:attachment":[{"href":"https:\/\/www.maymo.com\/fr\/wp-json\/wp\/v2\/media?parent=391"}],"curies":[{"name":"wp","href":"https:\/\/api.w.org\/{rel}","templated":true}]}}