{"id":387,"date":"2018-04-18T10:46:03","date_gmt":"2018-04-18T10:46:03","guid":{"rendered":"https:\/\/neorgsite.com\/work\/maymo\/make-up\/"},"modified":"2024-01-22T11:03:02","modified_gmt":"2024-01-22T10:03:02","slug":"make-up","status":"publish","type":"page","link":"https:\/\/www.maymo.com\/fr\/make-up\/","title":{"rendered":"Make Up"},"content":{"rendered":"<h2>Inspiration et ex\u00e9cution pour que votre marque brille tout en couleurs<\/h2>\n<p>Experts en sant\u00e9 et beaut\u00e9, nous pr\u00e9parons une cosm\u00e9tique d\u00e9corative et combinant notre technologie avanc\u00e9e avec les derni\u00e8res tendances en couleur.<\/p>\n","protected":false},"excerpt":{"rendered":"<p>Inspiration et ex\u00e9cution pour que votre marque brille tout en couleurs Experts en sant\u00e9 et beaut\u00e9, nous pr\u00e9parons une cosm\u00e9tique d\u00e9corative et combinant notre technologie avanc\u00e9e avec les derni\u00e8res tendances en couleur.<\/p>\n","protected":false},"author":1,"featured_media":0,"parent":0,"menu_order":0,"comment_status":"closed","ping_status":"closed","template":"page-prod-makeup.php","meta":{"footnotes":""},"_links":{"self":[{"href":"https:\/\/www.maymo.com\/fr\/wp-json\/wp\/v2\/pages\/387"}],"collection":[{"href":"https:\/\/www.maymo.com\/fr\/wp-json\/wp\/v2\/pages"}],"about":[{"href":"https:\/\/www.maymo.com\/fr\/wp-json\/wp\/v2\/types\/page"}],"author":[{"embeddable":true,"href":"https:\/\/www.maymo.com\/fr\/wp-json\/wp\/v2\/users\/1"}],"replies":[{"embeddable":true,"href":"https:\/\/www.maymo.com\/fr\/wp-json\/wp\/v2\/comments?post=387"}],"version-history":[{"count":2,"href":"https:\/\/www.maymo.com\/fr\/wp-json\/wp\/v2\/pages\/387\/revisions"}],"predecessor-version":[{"id":1305,"href":"https:\/\/www.maymo.com\/fr\/wp-json\/wp\/v2\/pages\/387\/revisions\/1305"}],"wp:attachment":[{"href":"https:\/\/www.maymo.com\/fr\/wp-json\/wp\/v2\/media?parent=387"}],"curies":[{"name":"wp","href":"https:\/\/api.w.org\/{rel}","templated":true}]}}