{"id":385,"date":"2018-04-11T11:29:42","date_gmt":"2018-04-11T11:29:42","guid":{"rendered":"https:\/\/neorgsite.com\/work\/maymo\/skin-care\/skin-care-servicios\/"},"modified":"2024-01-22T11:08:02","modified_gmt":"2024-01-22T10:08:02","slug":"skin-care-servicios","status":"publish","type":"page","link":"https:\/\/www.maymo.com\/fr\/skin-care\/skin-care-servicios\/","title":{"rendered":"Skin Care &#8211; Servicios"},"content":{"rendered":"<h2>Salud y belleza para cada uno de tus clientes<\/h2>\n<p>Fournir la sant\u00e9 et la beaut\u00e9 \u00e0 chacun de vos clients avec les produits cosm\u00e9tiques professionnels de <em>MAYM\u00d3<\/em>.<\/p>\n<p>Produits cosm\u00e9tiques pour le visage, le corps et les mains pour diff\u00e9rents types de peau. En plus des \u00e9crans solaires, des baumes \u00e0 l\u00e8vres et des cosm\u00e9tiques pour b\u00e9b\u00e9s pour les soins de b\u00e9b\u00e9.<\/p>\n<p>D\u00e9couvrez nos produits cosm\u00e9tiques professionnels.<\/p>\n","protected":false},"excerpt":{"rendered":"<p>Salud y belleza para cada uno de tus clientes Fournir la sant\u00e9 et la beaut\u00e9 \u00e0 chacun de vos clients avec les produits cosm\u00e9tiques professionnels de MAYM\u00d3. Produits cosm\u00e9tiques pour le visage, le corps et les mains pour diff\u00e9rents types de peau. En plus des \u00e9crans solaires, des baumes \u00e0 l\u00e8vres et des cosm\u00e9tiques pour [&hellip;]<\/p>\n","protected":false},"author":1,"featured_media":0,"parent":381,"menu_order":0,"comment_status":"closed","ping_status":"closed","template":"page-prod-skincare-int.php","meta":{"footnotes":""},"_links":{"self":[{"href":"https:\/\/www.maymo.com\/fr\/wp-json\/wp\/v2\/pages\/385"}],"collection":[{"href":"https:\/\/www.maymo.com\/fr\/wp-json\/wp\/v2\/pages"}],"about":[{"href":"https:\/\/www.maymo.com\/fr\/wp-json\/wp\/v2\/types\/page"}],"author":[{"embeddable":true,"href":"https:\/\/www.maymo.com\/fr\/wp-json\/wp\/v2\/users\/1"}],"replies":[{"embeddable":true,"href":"https:\/\/www.maymo.com\/fr\/wp-json\/wp\/v2\/comments?post=385"}],"version-history":[{"count":4,"href":"https:\/\/www.maymo.com\/fr\/wp-json\/wp\/v2\/pages\/385\/revisions"}],"predecessor-version":[{"id":1306,"href":"https:\/\/www.maymo.com\/fr\/wp-json\/wp\/v2\/pages\/385\/revisions\/1306"}],"up":[{"embeddable":true,"href":"https:\/\/www.maymo.com\/fr\/wp-json\/wp\/v2\/pages\/381"}],"wp:attachment":[{"href":"https:\/\/www.maymo.com\/fr\/wp-json\/wp\/v2\/media?parent=385"}],"curies":[{"name":"wp","href":"https:\/\/api.w.org\/{rel}","templated":true}]}}