{"id":373,"date":"2018-04-06T09:54:45","date_gmt":"2018-04-06T09:54:45","guid":{"rendered":"https:\/\/neorgsite.com\/work\/maymo\/maymo-you\/"},"modified":"2024-06-21T09:05:11","modified_gmt":"2024-06-21T07:05:11","slug":"maymo-you","status":"publish","type":"page","link":"https:\/\/www.maymo.com\/fr\/maymo-you\/","title":{"rendered":"Maym\u00f3 &#038; You"},"content":{"rendered":"<h2>L&rsquo;usine de r\u00e9f\u00e9rence en formules de sant\u00e9 et beaut\u00e9<\/h2>\n<p>Forts d&rsquo;une exp\u00e9rience de plus de 75 ans dans le d\u00e9veloppement de formules pour l&rsquo;industrie pharma &amp; cosmetics, Maym\u00f3 a donn\u00e9 vie \u00e0 de grandes marques pour tout type de clients et s&rsquo;est consolid\u00e9e comme <strong>partenaire id\u00e9al des entreprises de beaut\u00e9 et sant\u00e9<\/strong>.<\/p>\n","protected":false},"excerpt":{"rendered":"<p>L&rsquo;usine de r\u00e9f\u00e9rence en formules de sant\u00e9 et beaut\u00e9 Forts d&rsquo;une exp\u00e9rience de plus de 75 ans dans le d\u00e9veloppement de formules pour l&rsquo;industrie pharma &amp; cosmetics, Maym\u00f3 a donn\u00e9 vie \u00e0 de grandes marques pour tout type de clients et s&rsquo;est consolid\u00e9e comme partenaire id\u00e9al des entreprises de beaut\u00e9 et sant\u00e9.<\/p>\n","protected":false},"author":1,"featured_media":0,"parent":0,"menu_order":0,"comment_status":"closed","ping_status":"closed","template":"page-maymoyou.php","meta":{"footnotes":""},"_links":{"self":[{"href":"https:\/\/www.maymo.com\/fr\/wp-json\/wp\/v2\/pages\/373"}],"collection":[{"href":"https:\/\/www.maymo.com\/fr\/wp-json\/wp\/v2\/pages"}],"about":[{"href":"https:\/\/www.maymo.com\/fr\/wp-json\/wp\/v2\/types\/page"}],"author":[{"embeddable":true,"href":"https:\/\/www.maymo.com\/fr\/wp-json\/wp\/v2\/users\/1"}],"replies":[{"embeddable":true,"href":"https:\/\/www.maymo.com\/fr\/wp-json\/wp\/v2\/comments?post=373"}],"version-history":[{"count":4,"href":"https:\/\/www.maymo.com\/fr\/wp-json\/wp\/v2\/pages\/373\/revisions"}],"predecessor-version":[{"id":1327,"href":"https:\/\/www.maymo.com\/fr\/wp-json\/wp\/v2\/pages\/373\/revisions\/1327"}],"wp:attachment":[{"href":"https:\/\/www.maymo.com\/fr\/wp-json\/wp\/v2\/media?parent=373"}],"curies":[{"name":"wp","href":"https:\/\/api.w.org\/{rel}","templated":true}]}}